{"id":15,"date":"2023-01-23T12:12:06","date_gmt":"2023-01-23T12:12:06","guid":{"rendered":"http:\/\/localhost\/kuhmo2023\/?page_id=15"},"modified":"2023-03-08T14:21:05","modified_gmt":"2023-03-08T14:21:05","slug":"tietoa-mita-on-suomalais-ugrilaisuus","status":"publish","type":"page","link":"https:\/\/runolaulu.fi\/suomalais-ugrilainen-kulttuuripaakaupunki-2023\/tietoa-mita-on-suomalais-ugrilaisuus\/","title":{"rendered":"Mit\u00e4 on suomalais-ugrilaisuus?"},"content":{"rendered":"\t\t<div data-elementor-type=\"wp-page\" data-elementor-id=\"15\" class=\"elementor elementor-15\" data-elementor-post-type=\"page\">\n\t\t\t\t\t\t<section class=\"elementor-section elementor-top-section elementor-element elementor-element-87165c8 elementor-section-full_width elementor-section-height-default elementor-section-height-default\" data-id=\"87165c8\" data-element_type=\"section\">\n\t\t\t\t\t\t<div class=\"elementor-container elementor-column-gap-default\">\n\t\t\t\t\t<div class=\"elementor-column elementor-col-100 elementor-top-column elementor-element elementor-element-e048f1e\" data-id=\"e048f1e\" data-element_type=\"column\">\n\t\t\t<div class=\"elementor-widget-wrap elementor-element-populated\">\n\t\t\t\t\t\t<div class=\"elementor-element elementor-element-327748e elementor-widget elementor-widget-video\" data-id=\"327748e\" data-element_type=\"widget\" data-settings=\"{&quot;video_type&quot;:&quot;vimeo&quot;,&quot;autoplay&quot;:&quot;yes&quot;}\" data-widget_type=\"video.default\">\n\t\t\t\t<div class=\"elementor-widget-container\">\n\t\t\t<style>\/*! elementor - v3.21.0 - 15-04-2024 *\/\n.elementor-widget-video .elementor-widget-container{overflow:hidden;transform:translateZ(0)}.elementor-widget-video .elementor-wrapper{aspect-ratio:var(--video-aspect-ratio)}.elementor-widget-video .elementor-wrapper iframe,.elementor-widget-video .elementor-wrapper video{height:100%;width:100%;display:flex;border:none;background-color:#000}@supports not (aspect-ratio:1\/1){.elementor-widget-video .elementor-wrapper{position:relative;overflow:hidden;height:0;padding-bottom:calc(100% \/ var(--video-aspect-ratio))}.elementor-widget-video .elementor-wrapper iframe,.elementor-widget-video .elementor-wrapper video{position:absolute;top:0;right:0;bottom:0;left:0}}.elementor-widget-video .elementor-open-inline .elementor-custom-embed-image-overlay{position:absolute;top:0;right:0;bottom:0;left:0;background-size:cover;background-position:50%}.elementor-widget-video .elementor-custom-embed-image-overlay{cursor:pointer;text-align:center}.elementor-widget-video .elementor-custom-embed-image-overlay:hover .elementor-custom-embed-play i{opacity:1}.elementor-widget-video .elementor-custom-embed-image-overlay img{display:block;width:100%;aspect-ratio:var(--video-aspect-ratio);-o-object-fit:cover;object-fit:cover;-o-object-position:center center;object-position:center center}@supports not (aspect-ratio:1\/1){.elementor-widget-video .elementor-custom-embed-image-overlay{position:relative;overflow:hidden;height:0;padding-bottom:calc(100% \/ var(--video-aspect-ratio))}.elementor-widget-video .elementor-custom-embed-image-overlay img{position:absolute;top:0;right:0;bottom:0;left:0}}.elementor-widget-video .e-hosted-video .elementor-video{-o-object-fit:cover;object-fit:cover}.e-con-inner>.elementor-widget-video,.e-con>.elementor-widget-video{width:var(--container-widget-width);--flex-grow:var(--container-widget-flex-grow)}<\/style>\t\t<div class=\"elementor-wrapper elementor-open-inline\">\n\t\t\t<iframe class=\"elementor-video-iframe\" allowfullscreen allow=\"clipboard-write\" title=\"vimeo-videosoitin\" src=\"https:\/\/player.vimeo.com\/video\/787491445?autoplay=1&amp;color&amp;autopause=0&amp;loop=0&amp;muted=0&amp;title=0&amp;portrait=0&amp;byline=0&amp;h=44c025d522#t=\"><\/iframe>\t\t<\/div>\n\t\t\t\t<\/div>\n\t\t\t\t<\/div>\n\t\t\t\t\t<\/div>\n\t\t<\/div>\n\t\t\t\t\t<\/div>\n\t\t<\/section>\n\t\t\t\t<section class=\"elementor-section elementor-top-section elementor-element elementor-element-a0cc4bd elementor-section-boxed elementor-section-height-default elementor-section-height-default\" data-id=\"a0cc4bd\" data-element_type=\"section\">\n\t\t\t\t\t\t<div class=\"elementor-container elementor-column-gap-default\">\n\t\t\t\t\t<div class=\"elementor-column elementor-col-100 elementor-top-column elementor-element elementor-element-44c8b04\" data-id=\"44c8b04\" data-element_type=\"column\">\n\t\t\t<div class=\"elementor-widget-wrap elementor-element-populated\">\n\t\t\t\t\t\t<div class=\"elementor-element elementor-element-7653d41 elementor-widget elementor-widget-text-editor\" data-id=\"7653d41\" data-element_type=\"widget\" data-widget_type=\"text-editor.default\">\n\t\t\t\t<div class=\"elementor-widget-container\">\n\t\t\t<style>\/*! elementor - v3.21.0 - 15-04-2024 *\/\n.elementor-widget-text-editor.elementor-drop-cap-view-stacked .elementor-drop-cap{background-color:#69727d;color:#fff}.elementor-widget-text-editor.elementor-drop-cap-view-framed .elementor-drop-cap{color:#69727d;border:3px solid;background-color:transparent}.elementor-widget-text-editor:not(.elementor-drop-cap-view-default) .elementor-drop-cap{margin-top:8px}.elementor-widget-text-editor:not(.elementor-drop-cap-view-default) .elementor-drop-cap-letter{width:1em;height:1em}.elementor-widget-text-editor .elementor-drop-cap{float:left;text-align:center;line-height:1;font-size:50px}.elementor-widget-text-editor .elementor-drop-cap-letter{display:inline-block}<\/style>\t\t\t\t<p>Suomalais-ugrilaisuudessa on kysymys kielisukulaisuudesta. Jo 1600-luvun lopulla havaittiin, ett\u00e4 suomen kieli kuuluu samaan kielikuntaan Ven\u00e4j\u00e4n alueella puhuttujen kansalliskielien, ja my\u00f6s unkarin kielen kanssa. Suomalais-ugrilaisen kielikunnan nimi vakiintui k\u00e4ytt\u00f6\u00f6n viimeist\u00e4\u00e4n 1800-luvulla. Aikaisemmin ajateltiin, ett\u00e4 samojedikielet (esim. nenetsi, nganasani, selkuppi) ovat oma kielikuntansa, mutta jo 1900-luvun alkupuolelta l\u00e4htien on osoitettu, ett\u00e4 kyse on niin selke\u00e4st\u00e4 sukulaisuudesta, ett\u00e4 j\u00e4rkev\u00e4mp\u00e4\u00e4 on puhua yhteisest\u00e4, uralilaisesta kielikunnasta. T\u00e4m\u00e4n johdosta nykyisin <em>uralilainen<\/em> ja <em>suomalais-ugrilainen<\/em> usein, tavallisessa kielenk\u00e4yt\u00f6ss\u00e4, tarkoittavat samaa asiaa.<\/p><p>Kielisukulaisuus on kulttuurisesti eritt\u00e4in t\u00e4rke\u00e4, itse asiassa kieli (ja siihen kietoutuneet tai perustuvat k\u00e4yt\u00e4nn\u00f6t, erityisesti laulaminen) hyvin pitk\u00e4lle rakentavat kulttuurin. Maailmankuva, asioiden merkitykset ja niiden liittyminen toisiinsa ja t\u00e4st\u00e4 kokonaisuudesta kumpuavat ajattelun tavat ovat voimakkaasti kielisidonnaisia. Kielten diversiteetti on itse asiassa ajattelun ja maailmank\u00e4sitysten moninaisuutta, ja kielten katoaminen tai sulautuminen suurempiin valtakieliin merkitsee kulttuurista k\u00f6yhtymist\u00e4 ja ajattelun tapojen kaventumista. Siksi esimerkiksi suomalais-ugrilaisten kielten s\u00e4ilyminen on hyvin t\u00e4rke\u00e4t\u00e4. Kuhmon suomalais-ugrilaisen kulttuurip\u00e4\u00e4kaupunkivuoden teemaksi onkin valittu \u201dN\u00e4e, kuule ja koe suomalais-ugrilaisten kielten ja kulttuurien rikkaus ja monipuolisuus\u201d.<\/p><p>Uralilaiseen kielikuntaan lasketaan yli 30 kielt\u00e4, ja niiden puhujia ilmoitetaan olevan hieman yli 20 miljoonaa. Eniten on unkarin kielen puhujia, noin 14-15 miljoonaa. Suomen kielt\u00e4 \u00e4idinkielen\u00e4\u00e4n puhuu hieman vajaa 5 miljoonaa ja viroa noin 1 miljoonaa ihmist\u00e4. N\u00e4m\u00e4 kolme kielt\u00e4 ovat ainoat joita puhutaan omassa maassaan valtiollisena p\u00e4\u00e4kielen\u00e4. Ven\u00e4j\u00e4n alueella suhteellisen isoja suomalais-ugrilaisia kieli\u00e4 ovat mari, udmurtti, ers\u00e4, komi ja mok\u0161a, joiden kunkin puhujia on muutamia satoja tuhansia. Karjalan kielen puhujia lasketaan olevan muutamia kymmeni\u00e4 tuhansia, ja muiden kielten viel\u00e4 selv\u00e4sti sit\u00e4kin v\u00e4hemm\u00e4n. V\u00e4litt\u00f6m\u00e4ss\u00e4 katoamisen vaarassa ovat mm. it\u00e4merensuomalaiset liivin ja vatjan sek\u00e4 inkeroisten kielet. Lis\u00e4tietoa mm. <a href=\"https:\/\/fi.wikipedia.org\/wiki\/Uralilaiset_kielet\" target=\"_blank\" rel=\"noopener\">https:\/\/fi.wikipedia.org\/wiki\/Uralilaiset_kielet<\/a><\/p>\t\t\t\t\t\t<\/div>\n\t\t\t\t<\/div>\n\t\t\t\t<div class=\"elementor-element elementor-element-a4f455c elementor-widget elementor-widget-heading\" data-id=\"a4f455c\" data-element_type=\"widget\" data-widget_type=\"heading.default\">\n\t\t\t\t<div class=\"elementor-widget-container\">\n\t\t\t<style>\/*! elementor - v3.21.0 - 15-04-2024 *\/\n.elementor-heading-title{padding:0;margin:0;line-height:1}.elementor-widget-heading .elementor-heading-title[class*=elementor-size-]>a{color:inherit;font-size:inherit;line-height:inherit}.elementor-widget-heading .elementor-heading-title.elementor-size-small{font-size:15px}.elementor-widget-heading .elementor-heading-title.elementor-size-medium{font-size:19px}.elementor-widget-heading .elementor-heading-title.elementor-size-large{font-size:29px}.elementor-widget-heading .elementor-heading-title.elementor-size-xl{font-size:39px}.elementor-widget-heading .elementor-heading-title.elementor-size-xxl{font-size:59px}<\/style><h2 class=\"elementor-heading-title elementor-size-default\">Suomalais-ugrilaiset kulttuurip\u00e4\u00e4kaupungit<\/h2>\t\t<\/div>\n\t\t\t\t<\/div>\n\t\t\t\t<div class=\"elementor-element elementor-element-eea1b5c elementor-widget elementor-widget-text-editor\" data-id=\"eea1b5c\" data-element_type=\"widget\" data-widget_type=\"text-editor.default\">\n\t\t\t\t<div class=\"elementor-widget-container\">\n\t\t\t\t\t\t\t<p>Ohjelma suomalais-ugrilaisten kulttuurip\u00e4\u00e4kaupunkien nime\u00e4misest\u00e4 aloitettiin vuonna 2013. Sen taustayhteis\u00f6j\u00e4 ovat suomalais-ugrilaisten kansojen nuorisoyhdistys (Youth Association of Finno-Ugric Peoples, MAFUN) sek\u00e4 URALIC centre -kansalaisj\u00e4rjest\u00f6. Ohjelman tavoitteena on nostaa tietoisuutta suomalais-ugrilaisista ja samojedikansoista sek\u00e4 uralilaisista kielist\u00e4, vahvistaa suomalais-ugrilaista identiteetti\u00e4 ja edist\u00e4\u00e4 kest\u00e4v\u00e4\u00e4 paikallista kehityst\u00e4 suomalais-ugrilaisen maailman eri puolilla.<\/p><p>T\u00e4h\u00e4n menness\u00e4 kulttuurip\u00e4\u00e4kaupungin asema on annettu yhdeks\u00e4lle kyl\u00e4lle tai kaupungille: Bugyn kyl\u00e4lle Udmurtiasta (2014), setukyl\u00e4 Obinitsalle (2015), unkarilaisille Iszkaszentgy\u00f6rgyn kyl\u00e4lle ja Veszpr\u00e9min kaupungille (2016), karjalaiselle Vuokkiniemen kyl\u00e4lle (2017), Shorunzhan kyl\u00e4lle Marinmaalta (2019), marinkieliselle Mishkan kyl\u00e4lle Bashkordostanista (2020), Abja-Paluojan kaupungille Virosta (2021) ja Bayterekin kyl\u00e4lle Udmurtiasta (2022).<\/p><p>Kuhmo haki kulttuurip\u00e4\u00e4kaupungin asemaa ensimm\u00e4isen kerran jo vuodeksi 2017. Silloin valituksi tuli kuitenkin l\u00e4hialueellamme oleva vienankarjalainen kyl\u00e4 Vuokkiniemi. Vuonna 2021 tuli uusi mahdollisuus ja tammikuussa 2022 ilmoitettiin ett\u00e4 Kuhmo on valittu. Kuhmon ohjelma on hyvin monipuolinen, sis\u00e4lt\u00e4en lukuisia tapahtumia ymp\u00e4ri vuoden. Valinnassa painoivat my\u00f6s Kuhmon vahvuuden sek\u00e4 kulttuurisektorilla ett\u00e4 erityisesti suomalais-ugrilaisessa yhteisty\u00f6ss\u00e4 jo aikaisemmilta vuosilta ja vuosikymmenilt\u00e4.<\/p>\t\t\t\t\t\t<\/div>\n\t\t\t\t<\/div>\n\t\t\t\t<div class=\"elementor-element elementor-element-2662110 elementor-widget elementor-widget-image\" data-id=\"2662110\" data-element_type=\"widget\" data-widget_type=\"image.default\">\n\t\t\t\t<div class=\"elementor-widget-container\">\n\t\t\t<style>\/*! elementor - v3.21.0 - 15-04-2024 *\/\n.elementor-widget-image{text-align:center}.elementor-widget-image a{display:inline-block}.elementor-widget-image a img[src$=\".svg\"]{width:48px}.elementor-widget-image img{vertical-align:middle;display:inline-block}<\/style>\t\t\t\t\t\t\t\t\t\t<img fetchpriority=\"high\" decoding=\"async\" width=\"800\" height=\"800\" src=\"https:\/\/runolaulu.fi\/suomalais-ugrilainen-kulttuuripaakaupunki-2023\/wp-content\/uploads\/2023\/01\/dsc04388-kuva-sisaruksista-vjasovkan-kylassa-960x960.webp\" class=\"attachment-large size-large wp-image-795\" alt=\"Mit\u00e4 on suomalais-urgrilaisuus?\" srcset=\"https:\/\/runolaulu.fi\/suomalais-ugrilainen-kulttuuripaakaupunki-2023\/wp-content\/uploads\/2023\/01\/dsc04388-kuva-sisaruksista-vjasovkan-kylassa-960x960.webp 960w, https:\/\/runolaulu.fi\/suomalais-ugrilainen-kulttuuripaakaupunki-2023\/wp-content\/uploads\/2023\/01\/dsc04388-kuva-sisaruksista-vjasovkan-kylassa-640x640.webp 640w, https:\/\/runolaulu.fi\/suomalais-ugrilainen-kulttuuripaakaupunki-2023\/wp-content\/uploads\/2023\/01\/dsc04388-kuva-sisaruksista-vjasovkan-kylassa-320x320.webp 320w, https:\/\/runolaulu.fi\/suomalais-ugrilainen-kulttuuripaakaupunki-2023\/wp-content\/uploads\/2023\/01\/dsc04388-kuva-sisaruksista-vjasovkan-kylassa-768x768.webp 768w, https:\/\/runolaulu.fi\/suomalais-ugrilainen-kulttuuripaakaupunki-2023\/wp-content\/uploads\/2023\/01\/dsc04388-kuva-sisaruksista-vjasovkan-kylassa.webp 1280w\" sizes=\"(max-width: 800px) 100vw, 800px\" \/>\t\t\t\t\t\t\t\t\t\t\t\t\t<\/div>\n\t\t\t\t<\/div>\n\t\t\t\t<div class=\"elementor-element elementor-element-59dab13 elementor-widget elementor-widget-text-editor\" data-id=\"59dab13\" data-element_type=\"widget\" data-widget_type=\"text-editor.default\">\n\t\t\t\t<div class=\"elementor-widget-container\">\n\t\t\t\t\t\t\t<p><em>Kuvassa sisarukset Lidija Ahmadyshina ja B\u00e4dr\u017edian Badamshina.<br \/>Vjazovkan udmurtialainen kyl\u00e4 Bashkordostanissa. Kuva PHH 2019.<br \/><\/em><\/p><p>Pekka Huttu-Hiltunen<\/p>\t\t\t\t\t\t<\/div>\n\t\t\t\t<\/div>\n\t\t\t\t\t<\/div>\n\t\t<\/div>\n\t\t\t\t\t<\/div>\n\t\t<\/section>\n\t\t\t\t<section class=\"elementor-section elementor-top-section elementor-element elementor-element-b8d343c elementor-section-full_width elementor-section-height-default elementor-section-height-default\" data-id=\"b8d343c\" data-element_type=\"section\">\n\t\t\t\t\t\t<div class=\"elementor-container elementor-column-gap-default\">\n\t\t\t\t\t<div class=\"elementor-column elementor-col-100 elementor-top-column elementor-element elementor-element-23e0917\" data-id=\"23e0917\" data-element_type=\"column\" data-settings=\"{&quot;background_background&quot;:&quot;classic&quot;}\">\n\t\t\t<div class=\"elementor-widget-wrap elementor-element-populated\">\n\t\t\t\t\t\t<div class=\"elementor-element elementor-element-f6dd0e5 elementor-widget elementor-widget-image\" data-id=\"f6dd0e5\" data-element_type=\"widget\" data-widget_type=\"image.default\">\n\t\t\t\t<div class=\"elementor-widget-container\">\n\t\t\t\t\t\t\t\t\t\t\t\t\t<img decoding=\"async\" width=\"1920\" height=\"480\" src=\"https:\/\/runolaulu.fi\/suomalais-ugrilainen-kulttuuripaakaupunki-2023\/wp-content\/uploads\/2023\/01\/napparikonsertti-0616-c-juha-olkkonen.webp\" class=\"attachment-full size-full wp-image-313\" alt=\"Suomalais-ugrilainen kulttuurip\u00e4\u00e4kaupunki Kuhmo\" srcset=\"https:\/\/runolaulu.fi\/suomalais-ugrilainen-kulttuuripaakaupunki-2023\/wp-content\/uploads\/2023\/01\/napparikonsertti-0616-c-juha-olkkonen.webp 1920w, https:\/\/runolaulu.fi\/suomalais-ugrilainen-kulttuuripaakaupunki-2023\/wp-content\/uploads\/2023\/01\/napparikonsertti-0616-c-juha-olkkonen-640x160.webp 640w, https:\/\/runolaulu.fi\/suomalais-ugrilainen-kulttuuripaakaupunki-2023\/wp-content\/uploads\/2023\/01\/napparikonsertti-0616-c-juha-olkkonen-960x240.webp 960w, https:\/\/runolaulu.fi\/suomalais-ugrilainen-kulttuuripaakaupunki-2023\/wp-content\/uploads\/2023\/01\/napparikonsertti-0616-c-juha-olkkonen-768x192.webp 768w, https:\/\/runolaulu.fi\/suomalais-ugrilainen-kulttuuripaakaupunki-2023\/wp-content\/uploads\/2023\/01\/napparikonsertti-0616-c-juha-olkkonen-1536x384.webp 1536w\" sizes=\"(max-width: 1920px) 100vw, 1920px\" \/>\t\t\t\t\t\t\t\t\t\t\t\t\t<\/div>\n\t\t\t\t<\/div>\n\t\t\t\t\t<\/div>\n\t\t<\/div>\n\t\t\t\t\t<\/div>\n\t\t<\/section>\n\t\t\t\t<section class=\"elementor-section elementor-top-section elementor-element elementor-element-3a949e9 elementor-section-boxed elementor-section-height-default elementor-section-height-default\" data-id=\"3a949e9\" data-element_type=\"section\" data-settings=\"{&quot;background_background&quot;:&quot;classic&quot;}\">\n\t\t\t\t\t\t<div class=\"elementor-container elementor-column-gap-default\">\n\t\t\t\t\t<div class=\"elementor-column elementor-col-100 elementor-top-column elementor-element elementor-element-f37d424\" data-id=\"f37d424\" data-element_type=\"column\">\n\t\t\t<div class=\"elementor-widget-wrap elementor-element-populated\">\n\t\t\t\t\t\t<div class=\"elementor-element elementor-element-0076e7a elementor-widget elementor-widget-heading\" data-id=\"0076e7a\" data-element_type=\"widget\" data-widget_type=\"heading.default\">\n\t\t\t\t<div class=\"elementor-widget-container\">\n\t\t\t<h2 class=\"elementor-heading-title elementor-size-default\">Juhlavuoden 2023 ohjelma<\/h2>\t\t<\/div>\n\t\t\t\t<\/div>\n\t\t\t\t<section class=\"elementor-section elementor-inner-section elementor-element elementor-element-9b38293 elementor-section-boxed elementor-section-height-default elementor-section-height-default\" data-id=\"9b38293\" data-element_type=\"section\">\n\t\t\t\t\t\t<div class=\"elementor-container elementor-column-gap-default\">\n\t\t\t\t\t<div class=\"elementor-column elementor-col-33 elementor-inner-column elementor-element elementor-element-91d949a\" data-id=\"91d949a\" data-element_type=\"column\">\n\t\t\t<div class=\"elementor-widget-wrap elementor-element-populated\">\n\t\t\t\t\t\t<div class=\"elementor-element elementor-element-58e9591 elementor-widget elementor-widget-global elementor-global-601 elementor-widget-heading\" data-id=\"58e9591\" data-element_type=\"widget\" data-widget_type=\"heading.default\">\n\t\t\t\t<div class=\"elementor-widget-container\">\n\t\t\t<h3 class=\"elementor-heading-title elementor-size-default\">Kes\u00e4kuu<\/h3>\t\t<\/div>\n\t\t\t\t<\/div>\n\t\t\t\t<div class=\"elementor-element elementor-element-941b3be elementor-widget elementor-widget-global elementor-global-610 elementor-widget-text-editor\" data-id=\"941b3be\" data-element_type=\"widget\" data-widget_type=\"text-editor.default\">\n\t\t\t\t<div class=\"elementor-widget-container\">\n\t\t\t\t\t\t\t<p><a href=\"https:\/\/sommelo.net\/\">Musiikkijuhla Sommelo 26.6.\u22122.7.<\/a><\/p>\t\t\t\t\t\t<\/div>\n\t\t\t\t<\/div>\n\t\t\t\t\t<\/div>\n\t\t<\/div>\n\t\t\t\t<div class=\"elementor-column elementor-col-33 elementor-inner-column elementor-element elementor-element-c35c9f1\" data-id=\"c35c9f1\" data-element_type=\"column\">\n\t\t\t<div class=\"elementor-widget-wrap elementor-element-populated\">\n\t\t\t\t\t\t<div class=\"elementor-element elementor-element-443fab9 elementor-widget elementor-widget-global elementor-global-604 elementor-widget-heading\" data-id=\"443fab9\" data-element_type=\"widget\" data-widget_type=\"heading.default\">\n\t\t\t\t<div class=\"elementor-widget-container\">\n\t\t\t<h3 class=\"elementor-heading-title elementor-size-default\">Hein\u00e4kuu<\/h3>\t\t<\/div>\n\t\t\t\t<\/div>\n\t\t\t\t<div class=\"elementor-element elementor-element-f1bc32b elementor-widget elementor-widget-global elementor-global-613 elementor-widget-text-editor\" data-id=\"f1bc32b\" data-element_type=\"widget\" data-widget_type=\"text-editor.default\">\n\t\t\t\t<div class=\"elementor-widget-container\">\n\t\t\t\t\t\t\t<p><a href=\"https:\/\/sommelo.net\/\">Musiikkijuhla Sommelo 26.6.\u22122.7.<\/a><\/p><p><a href=\"https:\/\/hilpeaheinakuu.fi\/\">Hilpe\u00e4 Hein\u00e4kuu 1.\u221231.7.<\/a><\/p><p><a href=\"https:\/\/kuhmofestival.fi\/\">Kuhmon Kamarimusiikki 9.\u221222.7.<\/a><\/p><p>Jussi Huovisen muistokonsertti 30.7.<\/p>\t\t\t\t\t\t<\/div>\n\t\t\t\t<\/div>\n\t\t\t\t\t<\/div>\n\t\t<\/div>\n\t\t\t\t<div class=\"elementor-column elementor-col-33 elementor-inner-column elementor-element elementor-element-aec1d00\" data-id=\"aec1d00\" data-element_type=\"column\">\n\t\t\t<div class=\"elementor-widget-wrap elementor-element-populated\">\n\t\t\t\t\t\t<div class=\"elementor-element elementor-element-54a3fb2 elementor-widget elementor-widget-global elementor-global-607 elementor-widget-heading\" data-id=\"54a3fb2\" data-element_type=\"widget\" data-widget_type=\"heading.default\">\n\t\t\t\t<div class=\"elementor-widget-container\">\n\t\t\t<h3 class=\"elementor-heading-title elementor-size-default\">Elokuu<\/h3>\t\t<\/div>\n\t\t\t\t<\/div>\n\t\t\t\t<div class=\"elementor-element elementor-element-5156431 elementor-widget elementor-widget-global elementor-global-616 elementor-widget-text-editor\" data-id=\"5156431\" data-element_type=\"widget\" data-widget_type=\"text-editor.default\">\n\t\t\t\t<div class=\"elementor-widget-container\">\n\t\t\t\t\t\t\t<p>Elokuun elokuvat &#8211; suomalais-ugrilaisia elokuvia Kuhmon Pajakkakinossa 18.-24.8.<\/p>\t\t\t\t\t\t<\/div>\n\t\t\t\t<\/div>\n\t\t\t\t\t<\/div>\n\t\t<\/div>\n\t\t\t\t\t<\/div>\n\t\t<\/section>\n\t\t\t\t<div class=\"elementor-element elementor-element-8255e6d elementor-align-center elementor-widget elementor-widget-button\" data-id=\"8255e6d\" data-element_type=\"widget\" data-widget_type=\"button.default\">\n\t\t\t\t<div class=\"elementor-widget-container\">\n\t\t\t\t\t<div class=\"elementor-button-wrapper\">\n\t\t\t<a class=\"elementor-button elementor-button-link elementor-size-sm elementor-animation-grow\" href=\"http:\/\/localhost\/kuhmo2023\/juhlavuoden-ohjelma\/\">\n\t\t\t\t\t\t<span class=\"elementor-button-content-wrapper\">\n\t\t\t\t\t\t<span class=\"elementor-button-icon elementor-align-icon-right\">\n\t\t\t\t<i aria-hidden=\"true\" class=\"fas fa-arrow-alt-circle-right\"><\/i>\t\t\t<\/span>\n\t\t\t\t\t\t\t\t\t<span class=\"elementor-button-text\">Katso koko ohjelma<\/span>\n\t\t\t\t\t<\/span>\n\t\t\t\t\t<\/a>\n\t\t<\/div>\n\t\t\t\t<\/div>\n\t\t\t\t<\/div>\n\t\t\t\t\t<\/div>\n\t\t<\/div>\n\t\t\t\t\t<\/div>\n\t\t<\/section>\n\t\t\t\t<\/div>\n\t\t","protected":false},"excerpt":{"rendered":"<p>Suomalais-ugrilaisuudessa on kysymys kielisukulaisuudesta. Jo 1600-luvun lopulla havaittiin, ett\u00e4 suomen kieli kuuluu samaan kielikuntaan Ven\u00e4j\u00e4n alueella puhuttujen kansalliskielien, ja my\u00f6s unkarin kielen kanssa. Suomalais-ugrilaisen kielikunnan nimi vakiintui k\u00e4ytt\u00f6\u00f6n viimeist\u00e4\u00e4n 1800-luvulla. Aikaisemmin ajateltiin, ett\u00e4 samojedikielet (esim. nenetsi, nganasani, selkuppi) ovat oma kielikuntansa, mutta jo 1900-luvun alkupuolelta l\u00e4htien on osoitettu, ett\u00e4 kyse on niin selke\u00e4st\u00e4 sukulaisuudesta, ett\u00e4 [&hellip;]<\/p>\n","protected":false},"author":1,"featured_media":0,"parent":0,"menu_order":400,"comment_status":"closed","ping_status":"closed","template":"","meta":{"footnotes":""},"class_list":["post-15","page","type-page","status-publish","hentry"],"_links":{"self":[{"href":"https:\/\/runolaulu.fi\/suomalais-ugrilainen-kulttuuripaakaupunki-2023\/wp-json\/wp\/v2\/pages\/15","targetHints":{"allow":["GET"]}}],"collection":[{"href":"https:\/\/runolaulu.fi\/suomalais-ugrilainen-kulttuuripaakaupunki-2023\/wp-json\/wp\/v2\/pages"}],"about":[{"href":"https:\/\/runolaulu.fi\/suomalais-ugrilainen-kulttuuripaakaupunki-2023\/wp-json\/wp\/v2\/types\/page"}],"author":[{"embeddable":true,"href":"https:\/\/runolaulu.fi\/suomalais-ugrilainen-kulttuuripaakaupunki-2023\/wp-json\/wp\/v2\/users\/1"}],"replies":[{"embeddable":true,"href":"https:\/\/runolaulu.fi\/suomalais-ugrilainen-kulttuuripaakaupunki-2023\/wp-json\/wp\/v2\/comments?post=15"}],"version-history":[{"count":34,"href":"https:\/\/runolaulu.fi\/suomalais-ugrilainen-kulttuuripaakaupunki-2023\/wp-json\/wp\/v2\/pages\/15\/revisions"}],"predecessor-version":[{"id":1303,"href":"https:\/\/runolaulu.fi\/suomalais-ugrilainen-kulttuuripaakaupunki-2023\/wp-json\/wp\/v2\/pages\/15\/revisions\/1303"}],"wp:attachment":[{"href":"https:\/\/runolaulu.fi\/suomalais-ugrilainen-kulttuuripaakaupunki-2023\/wp-json\/wp\/v2\/media?parent=15"}],"curies":[{"name":"wp","href":"https:\/\/api.w.org\/{rel}","templated":true}]}}