{"id":501,"date":"2023-01-27T12:56:14","date_gmt":"2023-01-27T12:56:14","guid":{"rendered":"http:\/\/localhost\/kuhmo2023\/?page_id=501"},"modified":"2023-03-08T14:23:10","modified_gmt":"2023-03-08T14:23:10","slug":"kuhmo-a-finnugor-kultura-fovarosa-2023-ban","status":"publish","type":"page","link":"https:\/\/runolaulu.fi\/suomalais-ugrilainen-kulttuuripaakaupunki-2023\/en\/kuhmo-a-finnugor-kultura-fovarosa-2023-ban\/","title":{"rendered":"KUHMO A FINNUGOR KULT\u00daRA F\u0150V\u00c1ROSA 2023-BAN"},"content":{"rendered":"\t\t<div data-elementor-type=\"wp-page\" data-elementor-id=\"501\" class=\"elementor elementor-501\" data-elementor-post-type=\"page\">\n\t\t\t\t\t\t<section class=\"elementor-section elementor-top-section elementor-element elementor-element-5f27dcc elementor-section-full_width elementor-section-height-default elementor-section-height-default\" data-id=\"5f27dcc\" data-element_type=\"section\">\n\t\t\t\t\t\t<div class=\"elementor-container elementor-column-gap-default\">\n\t\t\t\t\t<div class=\"elementor-column elementor-col-100 elementor-top-column elementor-element elementor-element-942c17f\" data-id=\"942c17f\" data-element_type=\"column\">\n\t\t\t<div class=\"elementor-widget-wrap elementor-element-populated\">\n\t\t\t\t\t\t<div class=\"elementor-element elementor-element-96361d5 elementor-widget elementor-widget-image\" data-id=\"96361d5\" data-element_type=\"widget\" data-widget_type=\"image.default\">\n\t\t\t\t<div class=\"elementor-widget-container\">\n\t\t\t<style>\/*! elementor - v3.21.0 - 15-04-2024 *\/\n.elementor-widget-image{text-align:center}.elementor-widget-image a{display:inline-block}.elementor-widget-image a img[src$=\".svg\"]{width:48px}.elementor-widget-image img{vertical-align:middle;display:inline-block}<\/style>\t\t\t\t\t\t\t\t\t\t<img fetchpriority=\"high\" decoding=\"async\" width=\"1920\" height=\"318\" src=\"https:\/\/runolaulu.fi\/suomalais-ugrilainen-kulttuuripaakaupunki-2023\/wp-content\/uploads\/2023\/01\/headerkuva-kulttuuripaakaupunki.webp\" class=\"attachment-full size-full wp-image-764\" alt=\"Suomalais-ugrilainen kulttuurip\u00e4\u00e4kaupunki Kuhmo\" srcset=\"https:\/\/runolaulu.fi\/suomalais-ugrilainen-kulttuuripaakaupunki-2023\/wp-content\/uploads\/2023\/01\/headerkuva-kulttuuripaakaupunki.webp 1920w, https:\/\/runolaulu.fi\/suomalais-ugrilainen-kulttuuripaakaupunki-2023\/wp-content\/uploads\/2023\/01\/headerkuva-kulttuuripaakaupunki-640x106.webp 640w, https:\/\/runolaulu.fi\/suomalais-ugrilainen-kulttuuripaakaupunki-2023\/wp-content\/uploads\/2023\/01\/headerkuva-kulttuuripaakaupunki-960x159.webp 960w, https:\/\/runolaulu.fi\/suomalais-ugrilainen-kulttuuripaakaupunki-2023\/wp-content\/uploads\/2023\/01\/headerkuva-kulttuuripaakaupunki-768x127.webp 768w, https:\/\/runolaulu.fi\/suomalais-ugrilainen-kulttuuripaakaupunki-2023\/wp-content\/uploads\/2023\/01\/headerkuva-kulttuuripaakaupunki-1536x254.webp 1536w\" sizes=\"(max-width: 1920px) 100vw, 1920px\" \/>\t\t\t\t\t\t\t\t\t\t\t\t\t<\/div>\n\t\t\t\t<\/div>\n\t\t\t\t\t<\/div>\n\t\t<\/div>\n\t\t\t\t\t<\/div>\n\t\t<\/section>\n\t\t\t\t<section class=\"elementor-section elementor-top-section elementor-element elementor-element-6c0c085 elementor-section-boxed elementor-section-height-default elementor-section-height-default\" data-id=\"6c0c085\" data-element_type=\"section\">\n\t\t\t\t\t\t<div class=\"elementor-container elementor-column-gap-default\">\n\t\t\t\t\t<div class=\"elementor-column elementor-col-100 elementor-top-column elementor-element elementor-element-0a4d990\" data-id=\"0a4d990\" data-element_type=\"column\">\n\t\t\t<div class=\"elementor-widget-wrap elementor-element-populated\">\n\t\t\t\t\t\t<div class=\"elementor-element elementor-element-f92a4c1 elementor-widget elementor-widget-text-editor\" data-id=\"f92a4c1\" data-element_type=\"widget\" data-widget_type=\"text-editor.default\">\n\t\t\t\t<div class=\"elementor-widget-container\">\n\t\t\t<style>\/*! elementor - v3.21.0 - 15-04-2024 *\/\n.elementor-widget-text-editor.elementor-drop-cap-view-stacked .elementor-drop-cap{background-color:#69727d;color:#fff}.elementor-widget-text-editor.elementor-drop-cap-view-framed .elementor-drop-cap{color:#69727d;border:3px solid;background-color:transparent}.elementor-widget-text-editor:not(.elementor-drop-cap-view-default) .elementor-drop-cap{margin-top:8px}.elementor-widget-text-editor:not(.elementor-drop-cap-view-default) .elementor-drop-cap-letter{width:1em;height:1em}.elementor-widget-text-editor .elementor-drop-cap{float:left;text-align:center;line-height:1;font-size:50px}.elementor-widget-text-editor .elementor-drop-cap-letter{display:inline-block}<\/style>\t\t\t\t<p>Egy nemzetk\u00f6zi zs\u0171ri tavaly Kuhm\u00f3t v\u00e1lasztotta a k\u00f6vetkez\u0151 finnugor kultur\u00e1lis f\u0151v\u00e1rosnak. Ez az els\u0151 alkalom, hogy a finnugor kultur\u00e1lis f\u0151v\u00e1ros Finnorsz\u00e1gban lesz.<\/p><p>A megnyit\u00f3 \u00fcnneps\u00e9gekre febru\u00e1r 24-\u00e9n, p\u00e9nteken ker\u00fcl sor, k\u00e9t r\u00e9szb\u0151l \u00e1ll\u00f3 rendezv\u00e9ny keret\u00e9ben. A Tuupala iskol\u00e1ban szabadt\u00e9ri rendezv\u00e9nyre ker\u00fcl sor, t\u00f6bbek k\u00f6z\u00f6tt k\u00fcl\u00f6nb\u00f6z\u0151 kultur\u00e1lis csoportok k\u00f6z\u00f6tti s\u00edversenyre, zenei el\u0151ad\u00e1sokre, h\u00f3szobor-ki\u00e1ll\u00edt\u00e1sre \u00e9s nemzetk\u00f6zi vend\u00e9gek k\u00f6sz\u00f6nt\u00e9s\u00e9re.<\/p><p>Ugyanezen az est\u00e9n a program a Kuhmoi M\u0171v\u00e9szeti K\u00f6zpontban folytat\u00f3dik k\u00fcl\u00f6nb\u00f6z\u0151 finnugor kult\u00far\u00e1k kisebb ki\u00e1ll\u00edt\u00e1saival, zenei el\u0151ad\u00e1sokkal \u00e9s k\u00f6sz\u00f6nt\u0151kkel. Az egyik kiemelt fell\u00e9p\u0151 a norv\u00e9g sz\u00e1mi zen\u00e9sz, <strong>Torgeir Vassvik<\/strong> \u00e9s zenekara.<\/p><p>Kuhmo t\u00f6bb mint 100 rendezv\u00e9nyt tervez a 2023-as program keret\u00e9ben. A Sommelo n\u00e9pzenei fesztiv\u00e1l az \u00e9v kiemelt esem\u00e9nye (j\u00fanius 26. &#8211; j\u00falius 2.). A fesztiv\u00e1l egy teljes h\u00e9tig tart, \u00e9s sz\u00e1mos finnugor kultur\u00e1lis ter\u00fclet mutatkozik be a programban, k\u00fcl\u00f6n\u00f6sen az \u00e9szaki kult\u00far\u00e1k, mint p\u00e9ld\u00e1ul a k\u00fcl\u00f6nb\u00f6z\u0151 sz\u00e1mi, norv\u00e9giai kv\u00e9n \u00e9s erdei finn kult\u00far\u00e1k, valamint az \u00fagynevezett me\u00e4nkieliset = \u201ea mi nyelv\u00fcnk&#8221;(azaz egy Sv\u00e9dorsz\u00e1gban \u00e9l\u0151 finn nyelv\u0171 kisebbs\u00e9g) vesznek r\u00e9szt a fesztiv\u00e1lon. Term\u00e9szetesen \u00e9sztek \u00e9s magyarok is szerepelnek a programban.<\/p><p>A tov\u00e1bbi kiemelt esem\u00e9nyek k\u00f6z\u00e9 tartozik a \u201eKuhmo Culture Celebrates Winter\u201d elnevez\u00e9s\u0171 fesztiv\u00e1l, az \u0151shonos finnugor nyelvekr\u0151l sz\u00f3l\u00f3 konferencia, a \u201eNagy Medve nyom\u00e1ban&#8221; c\u00edm\u0171 rendezv\u00e9ny, amely a medv\u00e9k finnugor kult\u00far\u00e1kban bet\u00f6lt\u00f6tt szerep\u00e9t \u00e9s jelent\u00e9seit vizsg\u00e1lja. A nemzetk\u00f6zileg elismert Kuhmoi Kamarazenei Fesztiv\u00e1l szint\u00e9n r\u00e9szt vesz a finnugor \u00e9v programj\u00e1ban. 2023. j\u00falius 9-22. k\u00f6z\u00f6tt ker\u00fcl megrendez\u00e9sre az 53. Kuhmoi Kamarazenei Fesztiv\u00e1l. A t\u00e9ma \u201eGy\u00f6kerek \u00e9s sz\u00e1rnyak\u201d.<\/p><p>Kuhmo arra sz\u00e1m\u00edt, hogy a finnugor kultur\u00e1lis f\u0151v\u00e1rosi c\u00edm fellend\u00edti a kultur\u00e1lis turizmust Kuhm\u00f3ban \u00e9s a k\u00f6rnyez\u0151 r\u00e9gi\u00f3ban. A szervez\u0151k \u00fagy v\u00e9lik, hogy Kuhmo sokat tud ny\u00fajtani a sz\u00e9lesebb finnugor vil\u00e1gnak. A Juminkeko p\u00e9ld\u00e1ul t\u00f6bb mint 30 \u00e9ve sikeresen m\u0171k\u00f6dik a karjalai kult\u00fara \u00fajj\u00e1\u00e9leszt\u00e9se \u00e9s a kultur\u00e1lis \u00f6r\u00f6ks\u00e9g meg\u0151rz\u00e9se ter\u00e9n mind Finnorsz\u00e1gban, mind a Karjalai K\u00f6zt\u00e1rsas\u00e1gban. A Runosong Akad\u00e9mia \u00e9s m\u00e1s kultur\u00e1lis szervezetek is hozz\u00e1j\u00e1rulhatnak a finnugor vil\u00e1ghoz. Ez a nyelvek \u00e9s a kultur\u00e1lis \u00f6r\u00f6ks\u00e9g meg\u0151rz\u00e9s\u00e9nek t\u00e1mogat\u00e1s\u00e1t jelenti kutat\u00e1si lehet\u0151s\u00e9gek, m\u0171v\u00e9szeti esem\u00e9nyek \u00e9s az aktivist\u00e1k k\u00f6z\u00f6tti kommunik\u00e1ci\u00f3 szervez\u00e9s\u00e9vel.<\/p>\t\t\t\t\t\t<\/div>\n\t\t\t\t<\/div>\n\t\t\t\t<div class=\"elementor-element elementor-element-13acf13 elementor-widget elementor-widget-heading\" data-id=\"13acf13\" data-element_type=\"widget\" data-widget_type=\"heading.default\">\n\t\t\t\t<div class=\"elementor-widget-container\">\n\t\t\t<style>\/*! elementor - v3.21.0 - 15-04-2024 *\/\n.elementor-heading-title{padding:0;margin:0;line-height:1}.elementor-widget-heading .elementor-heading-title[class*=elementor-size-]>a{color:inherit;font-size:inherit;line-height:inherit}.elementor-widget-heading .elementor-heading-title.elementor-size-small{font-size:15px}.elementor-widget-heading .elementor-heading-title.elementor-size-medium{font-size:19px}.elementor-widget-heading .elementor-heading-title.elementor-size-large{font-size:29px}.elementor-widget-heading .elementor-heading-title.elementor-size-xl{font-size:39px}.elementor-widget-heading .elementor-heading-title.elementor-size-xxl{font-size:59px}<\/style><h2 class=\"elementor-heading-title elementor-size-default\">A FINNUGOR KULTUR\u00c1LIS F\u0150V\u00c1ROSOKR\u00d3L<\/h2>\t\t<\/div>\n\t\t\t\t<\/div>\n\t\t\t\t<div class=\"elementor-element elementor-element-0670866 elementor-widget elementor-widget-text-editor\" data-id=\"0670866\" data-element_type=\"widget\" data-widget_type=\"text-editor.default\">\n\t\t\t\t<div class=\"elementor-widget-container\">\n\t\t\t\t\t\t\t<p>A 2013-ban l\u00e9trehozott Finnugor Kultur\u00e1lis F\u0151v\u00e1rosok program a Finnugor N\u00e9pek Ifj\u00fas\u00e1gi Sz\u00f6vets\u00e9ge (MAFUN) \u00e9s az URALIC K\u00f6zpont kiemelt kezdem\u00e9nyez\u00e9se, amelynek c\u00e9lja a finnugor \u00e9s szamoj\u00e9d n\u00e9pek, valamint az ur\u00e1li nyelvek megismertet\u00e9se, a kollekt\u00edv finnugor identit\u00e1s er\u0151s\u00edt\u00e9se \u00e9s a fenntarthat\u00f3 helyi fejl\u0151d\u00e9s \u00f6szt\u00f6nz\u00e9se a finnugor vil\u00e1g k\u00fcl\u00f6nb\u00f6z\u0151 szegleteiben.<\/p><p>A Finnugor Kultur\u00e1lis F\u0151v\u00e1ros c\u00edmet eddig kilenc falu vagy v\u00e1ros kapta meg: Star\u00f5je B\u00f5gi,\u00a0Udmurtf\u00f6ld, Oroszorsz\u00e1g (2014), Seto, Obinitsa, \u00c9sztorsz\u00e1g (2015), Iszkaszentgy\u00f6rgy \u00e9s Veszpr\u00e9m, Magyarorsz\u00e1g (2016), Voknavolok, Kar\u00e9lia, Oroszorsz\u00e1g (2017), Sorunza, Marif\u00f6ld, Oroszorsz\u00e1g (2019), Miskan Bask\u00edria, Oroszorsz\u00e1g (2020), Abja-Paluoja, \u00c9sztorsz\u00e1g (2021) \u00e9s Bayterek Udmurtf\u00f6ld\u00f6n, Oroszorsz\u00e1g (2022).<\/p>\t\t\t\t\t\t<\/div>\n\t\t\t\t<\/div>\n\t\t\t\t\t<\/div>\n\t\t<\/div>\n\t\t\t\t\t<\/div>\n\t\t<\/section>\n\t\t\t\t<\/div>\n\t\t","protected":false},"excerpt":{"rendered":"<p>Egy nemzetk\u00f6zi zs\u0171ri tavaly Kuhm\u00f3t v\u00e1lasztotta a k\u00f6vetkez\u0151 finnugor kultur\u00e1lis f\u0151v\u00e1rosnak. Ez az els\u0151 alkalom, hogy a finnugor kultur\u00e1lis f\u0151v\u00e1ros Finnorsz\u00e1gban lesz. A megnyit\u00f3 \u00fcnneps\u00e9gekre febru\u00e1r 24-\u00e9n, p\u00e9nteken ker\u00fcl sor, k\u00e9t r\u00e9szb\u0151l \u00e1ll\u00f3 rendezv\u00e9ny keret\u00e9ben. A Tuupala iskol\u00e1ban szabadt\u00e9ri rendezv\u00e9nyre ker\u00fcl sor, t\u00f6bbek k\u00f6z\u00f6tt k\u00fcl\u00f6nb\u00f6z\u0151 kultur\u00e1lis csoportok k\u00f6z\u00f6tti s\u00edversenyre, zenei el\u0151ad\u00e1sokre, h\u00f3szobor-ki\u00e1ll\u00edt\u00e1sre \u00e9s nemzetk\u00f6zi vend\u00e9gek [&hellip;]<\/p>\n","protected":false},"author":1,"featured_media":0,"parent":0,"menu_order":430,"comment_status":"closed","ping_status":"closed","template":"","meta":{"footnotes":""},"class_list":["post-501","page","type-page","status-publish","hentry"],"_links":{"self":[{"href":"https:\/\/runolaulu.fi\/suomalais-ugrilainen-kulttuuripaakaupunki-2023\/wp-json\/wp\/v2\/pages\/501","targetHints":{"allow":["GET"]}}],"collection":[{"href":"https:\/\/runolaulu.fi\/suomalais-ugrilainen-kulttuuripaakaupunki-2023\/wp-json\/wp\/v2\/pages"}],"about":[{"href":"https:\/\/runolaulu.fi\/suomalais-ugrilainen-kulttuuripaakaupunki-2023\/wp-json\/wp\/v2\/types\/page"}],"author":[{"embeddable":true,"href":"https:\/\/runolaulu.fi\/suomalais-ugrilainen-kulttuuripaakaupunki-2023\/wp-json\/wp\/v2\/users\/1"}],"replies":[{"embeddable":true,"href":"https:\/\/runolaulu.fi\/suomalais-ugrilainen-kulttuuripaakaupunki-2023\/wp-json\/wp\/v2\/comments?post=501"}],"version-history":[{"count":8,"href":"https:\/\/runolaulu.fi\/suomalais-ugrilainen-kulttuuripaakaupunki-2023\/wp-json\/wp\/v2\/pages\/501\/revisions"}],"predecessor-version":[{"id":1307,"href":"https:\/\/runolaulu.fi\/suomalais-ugrilainen-kulttuuripaakaupunki-2023\/wp-json\/wp\/v2\/pages\/501\/revisions\/1307"}],"wp:attachment":[{"href":"https:\/\/runolaulu.fi\/suomalais-ugrilainen-kulttuuripaakaupunki-2023\/wp-json\/wp\/v2\/media?parent=501"}],"curies":[{"name":"wp","href":"https:\/\/api.w.org\/{rel}","templated":true}]}}