{"id":8,"date":"2023-01-23T12:02:04","date_gmt":"2023-01-23T12:02:04","guid":{"rendered":"http:\/\/localhost\/kuhmo2023\/?page_id=8"},"modified":"2023-03-08T14:17:52","modified_gmt":"2023-03-08T14:17:52","slug":"suomalais-ugrilainen-kulttuuripaakaupunki-kuhmo","status":"publish","type":"page","link":"https:\/\/runolaulu.fi\/suomalais-ugrilainen-kulttuuripaakaupunki-2023\/suomalais-ugrilainen-kulttuuripaakaupunki-kuhmo\/","title":{"rendered":"Suomalais-ugrilainen kulttuurip\u00e4\u00e4kaupunki Kuhmo"},"content":{"rendered":"\t\t<div data-elementor-type=\"wp-post\" data-elementor-id=\"8\" class=\"elementor elementor-8\" data-elementor-post-type=\"page\">\n\t\t\t\t\t\t<section class=\"elementor-section elementor-top-section elementor-element elementor-element-84e6549 elementor-section-full_width elementor-section-height-default elementor-section-height-default\" data-id=\"84e6549\" data-element_type=\"section\">\n\t\t\t\t\t\t<div class=\"elementor-container elementor-column-gap-default\">\n\t\t\t\t\t<div class=\"elementor-column elementor-col-100 elementor-top-column elementor-element elementor-element-2c20496\" data-id=\"2c20496\" data-element_type=\"column\">\n\t\t\t<div class=\"elementor-widget-wrap elementor-element-populated\">\n\t\t\t\t\t\t<div class=\"elementor-element elementor-element-f38b347 elementor-widget elementor-widget-image\" data-id=\"f38b347\" data-element_type=\"widget\" data-widget_type=\"image.default\">\n\t\t\t\t<div class=\"elementor-widget-container\">\n\t\t\t<style>\/*! elementor - v3.21.0 - 15-04-2024 *\/\n.elementor-widget-image{text-align:center}.elementor-widget-image a{display:inline-block}.elementor-widget-image a img[src$=\".svg\"]{width:48px}.elementor-widget-image img{vertical-align:middle;display:inline-block}<\/style>\t\t\t\t\t\t\t\t\t\t<img fetchpriority=\"high\" decoding=\"async\" width=\"1920\" height=\"318\" src=\"https:\/\/runolaulu.fi\/suomalais-ugrilainen-kulttuuripaakaupunki-2023\/wp-content\/uploads\/2023\/01\/headerkuva-kulttuuripaakaupunki.webp\" class=\"attachment-full size-full wp-image-764\" alt=\"Suomalais-ugrilainen kulttuurip\u00e4\u00e4kaupunki Kuhmo\" srcset=\"https:\/\/runolaulu.fi\/suomalais-ugrilainen-kulttuuripaakaupunki-2023\/wp-content\/uploads\/2023\/01\/headerkuva-kulttuuripaakaupunki.webp 1920w, https:\/\/runolaulu.fi\/suomalais-ugrilainen-kulttuuripaakaupunki-2023\/wp-content\/uploads\/2023\/01\/headerkuva-kulttuuripaakaupunki-640x106.webp 640w, https:\/\/runolaulu.fi\/suomalais-ugrilainen-kulttuuripaakaupunki-2023\/wp-content\/uploads\/2023\/01\/headerkuva-kulttuuripaakaupunki-960x159.webp 960w, https:\/\/runolaulu.fi\/suomalais-ugrilainen-kulttuuripaakaupunki-2023\/wp-content\/uploads\/2023\/01\/headerkuva-kulttuuripaakaupunki-768x127.webp 768w, https:\/\/runolaulu.fi\/suomalais-ugrilainen-kulttuuripaakaupunki-2023\/wp-content\/uploads\/2023\/01\/headerkuva-kulttuuripaakaupunki-1536x254.webp 1536w\" sizes=\"(max-width: 1920px) 100vw, 1920px\" \/>\t\t\t\t\t\t\t\t\t\t\t\t\t<\/div>\n\t\t\t\t<\/div>\n\t\t\t\t\t<\/div>\n\t\t<\/div>\n\t\t\t\t\t<\/div>\n\t\t<\/section>\n\t\t\t\t<section class=\"elementor-section elementor-top-section elementor-element elementor-element-9536d2d elementor-section-boxed elementor-section-height-default elementor-section-height-default\" data-id=\"9536d2d\" data-element_type=\"section\" data-settings=\"{&quot;background_background&quot;:&quot;classic&quot;}\">\n\t\t\t\t\t\t<div class=\"elementor-container elementor-column-gap-default\">\n\t\t\t\t\t<div class=\"elementor-column elementor-col-100 elementor-top-column elementor-element elementor-element-7fa0991\" data-id=\"7fa0991\" data-element_type=\"column\">\n\t\t\t<div class=\"elementor-widget-wrap elementor-element-populated\">\n\t\t\t\t\t\t<div class=\"elementor-element elementor-element-0198f47 elementor-widget elementor-widget-text-editor\" data-id=\"0198f47\" data-element_type=\"widget\" data-widget_type=\"text-editor.default\">\n\t\t\t\t<div class=\"elementor-widget-container\">\n\t\t\t<style>\/*! elementor - v3.21.0 - 15-04-2024 *\/\n.elementor-widget-text-editor.elementor-drop-cap-view-stacked .elementor-drop-cap{background-color:#69727d;color:#fff}.elementor-widget-text-editor.elementor-drop-cap-view-framed .elementor-drop-cap{color:#69727d;border:3px solid;background-color:transparent}.elementor-widget-text-editor:not(.elementor-drop-cap-view-default) .elementor-drop-cap{margin-top:8px}.elementor-widget-text-editor:not(.elementor-drop-cap-view-default) .elementor-drop-cap-letter{width:1em;height:1em}.elementor-widget-text-editor .elementor-drop-cap{float:left;text-align:center;line-height:1;font-size:50px}.elementor-widget-text-editor .elementor-drop-cap-letter{display:inline-block}<\/style>\t\t\t\t<p>Kansainv\u00e4linen viisihenkinen valintalautakunta valitsi viime vuonna Kainuussa sijaitsevan Kuhmon kaupungin vuoden 2023 suomalais-ugrilaiseksi kulttuurip\u00e4\u00e4kaupungiksi. T\u00e4m\u00e4 on ensimm\u00e4inen kerta, kun valinta kohdistuu Suomeen. Luvassa on runsas tapahtumien ketju koko vuoden ajalla, ja sill\u00e4 t\u00e4hd\u00e4t\u00e4\u00e4n ennen kaikkea suomalais-ugrilaisten kielten ja kulttuurien tukemiseen ja s\u00e4ilytt\u00e4miseen, sek\u00e4 kulttuurimatkailun lis\u00e4\u00e4miseen, monipuolisen ohjelman avulla.<\/p><p><strong>Juhlavuoden avajaiset pidet\u00e4\u00e4n kaksiosaisen toteutuksena perjantaina 24.2.2023, jolloin p\u00e4iv\u00e4ll\u00e4 klo 11.30 alkaen Tuupalan koulujen ymp\u00e4rist\u00f6ss\u00e4 pidet\u00e4\u00e4n ulkoilmatilaisuus.<\/strong>\u00a0P\u00e4iv\u00e4tilaisuuteen osallistuvat kaikki Kuhmon koululaiset sek\u00e4 kansainv\u00e4lisi\u00e4 vieraita. Ohjelma sis\u00e4lt\u00e4\u00e4 mm. leikkimielisen, eri suomalais-ugrilaisten kansallisuuksien v\u00e4lisen hiihtokilpailun, musiikkiohjelmaa, tervehdyksi\u00e4 kansainv\u00e4lisilt\u00e4 vierailta sek\u00e4 lumiveistosn\u00e4yttelyn. Saman p\u00e4iv\u00e4n iltana Kuhmo-talolla klo 18.00 avajaisohjelma jatkuu kulttuureja esittelevien n\u00e4yttelyiden, musiikkiohjelman ja tervehdysten muodossa. Yhten\u00e4 p\u00e4\u00e4esiintyj\u00e4n\u00e4 on norjansaamelainen <strong>Torgeir Vassvik<\/strong> yhtyeineen, mutta mukana on my\u00f6s mm. kveenien ja virolaisten ohjelmaa.<\/p><p>Kuhmon suunnitelmiin koko vuoden osalta sis\u00e4ltyy yli 100 tilaisuutta tai tapahtumaa. Musiikkijuhla Sommelo on juhlavuoden p\u00e4\u00e4tapahtuma (26.6. \u2013 2.7.). Festivaali toteutuu koko viikon mittaisena, ja suomalais-ugrilaiset kieli- ja kulttuurialueet ovat laajasti esill\u00e4 musiikkijuhlassa. Pohjoiset kulttuurit, eli saamelaisten eri ryhm\u00e4t, me\u00e4nkieliset ja mets\u00e4suomalaiset Ruotsista ja kveenit Norjasta p\u00e4\u00e4sev\u00e4t ohjelmassa esille. Luonnollisesti my\u00f6s Viron eri ryhm\u00e4t, sek\u00e4 unkarilaiset muusikot ovat mukana ohjelmassa.<\/p><p>Muita korkean profiilin tapahtumia juhlavuoden ohjelmassa ovat\u00a0<a href=\"https:\/\/kuhmontalvi.fi\" target=\"_blank\" rel=\"noopener\">Kuhmon Talvi 20.-28.2.<\/a>, suomalais-ugrilaisten alkuper\u00e4iskansojen kielten asemaa k\u00e4sittelev\u00e4 kansainv\u00e4linen konferenssi helmikuussa, suomalais-ugrilaisia laulukulttuureja k\u00e4sittelev\u00e4 konferenssi marraskuussa sek\u00e4 Ison Karhun Kantap\u00e4ill\u00e4 -tapahtuma syksyll\u00e4. Siin\u00e4 paneudutaan karhun merkitykseen suomalais-ugrilaisten kansojen mytologiassa.<\/p><p>My\u00f6s Kuhmon kansainv\u00e4lisesti tunnetuin tapahtuma,\u00a0<a href=\"https:\/\/kuhmofestival.fi\" target=\"_blank\" rel=\"noopener\">Kuhmon Kamarimusiikki<\/a>\u00a0osallistuu juhlavuoden teemoihin. Kuhmon Kamarimusiikki soi 53. kerran 9. \u2013 22.7.2023 teemalla Juuret ja siivet. Kes\u00e4n juuria ovat monet perinteiset kamarimusiikin klassikot. Mielenkiintoista ja t\u00e4ysin uutta on se, miten klassikoihin on yhdistetty tunnettujen ja v\u00e4hemm\u00e4n tunnettujen nykys\u00e4velt\u00e4jien teoksia sek\u00e4 suomalais-ugrilaisen teeman mukaan pienin\u00e4 palasina my\u00f6s runolaulua ja kansanmusiikkia.<\/p><p>Kuhmossa odotetaan, ett\u00e4 kulttuurip\u00e4\u00e4kaupungin asema edist\u00e4\u00e4 kulttuurimatkailua alueellamme. J\u00e4rjest\u00e4j\u00e4t ovat my\u00f6s sit\u00e4 mielt\u00e4, ett\u00e4 Kuhmolla on paljon annettavana koko suomalais-ugrilaiselle maailmalle. Esimerkiksi Juminkeko on toiminut jo yli 30 vuoden ajan menestyksellisesti karjalaisen kulttuurin elvytt\u00e4miseksi ja perinteen s\u00e4ilytt\u00e4miseksi Suomessa ja Karjalan tasavallassa.<\/p><p>My\u00f6s Runolaulu-Akatemia ja muutkin kulttuuriorganisaatiot voivat lis\u00e4t\u00e4 kontaktejaan ja sitoutumistaan suomalais-ugrilaiseen maailmaan. T\u00e4m\u00e4 merkitsee kest\u00e4v\u00e4\u00e4 ja asiantuntevaa tukea kielten ja kulttuuriperinteiden s\u00e4ilytt\u00e4miseen, tutkimuksen ja taiteellisten tapahtumien sek\u00e4 aktiivisen vuorovaikutuksen avulla.<\/p>\t\t\t\t\t\t<\/div>\n\t\t\t\t<\/div>\n\t\t\t\t<div class=\"elementor-element elementor-element-225221b elementor-widget elementor-widget-heading\" data-id=\"225221b\" data-element_type=\"widget\" data-widget_type=\"heading.default\">\n\t\t\t\t<div class=\"elementor-widget-container\">\n\t\t\t<style>\/*! elementor - v3.21.0 - 15-04-2024 *\/\n.elementor-heading-title{padding:0;margin:0;line-height:1}.elementor-widget-heading .elementor-heading-title[class*=elementor-size-]>a{color:inherit;font-size:inherit;line-height:inherit}.elementor-widget-heading .elementor-heading-title.elementor-size-small{font-size:15px}.elementor-widget-heading .elementor-heading-title.elementor-size-medium{font-size:19px}.elementor-widget-heading .elementor-heading-title.elementor-size-large{font-size:29px}.elementor-widget-heading .elementor-heading-title.elementor-size-xl{font-size:39px}.elementor-widget-heading .elementor-heading-title.elementor-size-xxl{font-size:59px}<\/style><h2 class=\"elementor-heading-title elementor-size-default\">Suomalais-ugrilaiset kulttuurip\u00e4\u00e4kaupungit<\/h2>\t\t<\/div>\n\t\t\t\t<\/div>\n\t\t\t\t<div class=\"elementor-element elementor-element-7dfea43 elementor-widget elementor-widget-text-editor\" data-id=\"7dfea43\" data-element_type=\"widget\" data-widget_type=\"text-editor.default\">\n\t\t\t\t<div class=\"elementor-widget-container\">\n\t\t\t\t\t\t\t<p>Ohjelma suomalais-ugrilaisten kulttuurip\u00e4\u00e4kaupunkien nime\u00e4misest\u00e4 aloitettiin vuonna 2013. Sen taustayhteis\u00f6j\u00e4 ovat suomalais-ugrilaisten kansojen nuorisoyhdistys (Youth Association of Finno-Ugric Peoples, MAFUN) sek\u00e4 URALIC centre -kansalaisj\u00e4rjest\u00f6. Ohjelman tavoitteena on nostaa tietoisuutta suomalais-ugrilaisista ja samojedikansoista sek\u00e4 uralilaisista kielist\u00e4, vahvistaa suomalais-ugrilaista identiteetti\u00e4 ja edist\u00e4\u00e4 kest\u00e4v\u00e4\u00e4 paikallista kehityst\u00e4 suomalais-ugrilaisen maailman eri puolilla.<\/p><p>T\u00e4h\u00e4n menness\u00e4 kulttuurip\u00e4\u00e4kaupungin asema on annettu yhdeks\u00e4lle kyl\u00e4lle tai kaupungille: Bugyn kyl\u00e4lle Udmurtiasta (2014), setukyl\u00e4 Obinitsalle (2015), unkarilaisille Iszkaszentgy\u00f6rgyn kyl\u00e4lle ja Veszpr\u00e9min kaupungille (2016), karjalaiselle Vuokkiniemen kyl\u00e4lle (2017), Shorunzhan kyl\u00e4lle Marinmaalta (2019), marinkieliselle Mishkan kyl\u00e4lle Bashkordostanista (2020), Abja-Paluojan kaupungille Virosta (2021) ja Bayterekin kyl\u00e4lle Udmurtiasta (2022).<\/p>\t\t\t\t\t\t<\/div>\n\t\t\t\t<\/div>\n\t\t\t\t\t<\/div>\n\t\t<\/div>\n\t\t\t\t\t<\/div>\n\t\t<\/section>\n\t\t\t\t<section class=\"elementor-section elementor-top-section elementor-element elementor-element-9442d35 elementor-section-boxed elementor-section-height-default elementor-section-height-default\" data-id=\"9442d35\" data-element_type=\"section\" data-settings=\"{&quot;background_background&quot;:&quot;classic&quot;}\">\n\t\t\t\t\t\t<div class=\"elementor-container elementor-column-gap-default\">\n\t\t\t\t\t<div class=\"elementor-column elementor-col-50 elementor-top-column elementor-element elementor-element-363b260\" data-id=\"363b260\" data-element_type=\"column\" data-settings=\"{&quot;background_background&quot;:&quot;classic&quot;}\">\n\t\t\t<div class=\"elementor-widget-wrap elementor-element-populated\">\n\t\t\t\t\t\t<div class=\"elementor-element elementor-element-9a2c212 elementor-widget elementor-widget-spacer\" data-id=\"9a2c212\" data-element_type=\"widget\" data-widget_type=\"spacer.default\">\n\t\t\t\t<div class=\"elementor-widget-container\">\n\t\t\t<style>\/*! elementor - v3.21.0 - 15-04-2024 *\/\n.elementor-column .elementor-spacer-inner{height:var(--spacer-size)}.e-con{--container-widget-width:100%}.e-con-inner>.elementor-widget-spacer,.e-con>.elementor-widget-spacer{width:var(--container-widget-width,var(--spacer-size));--align-self:var(--container-widget-align-self,initial);--flex-shrink:0}.e-con-inner>.elementor-widget-spacer>.elementor-widget-container,.e-con>.elementor-widget-spacer>.elementor-widget-container{height:100%;width:100%}.e-con-inner>.elementor-widget-spacer>.elementor-widget-container>.elementor-spacer,.e-con>.elementor-widget-spacer>.elementor-widget-container>.elementor-spacer{height:100%}.e-con-inner>.elementor-widget-spacer>.elementor-widget-container>.elementor-spacer>.elementor-spacer-inner,.e-con>.elementor-widget-spacer>.elementor-widget-container>.elementor-spacer>.elementor-spacer-inner{height:var(--container-widget-height,var(--spacer-size))}.e-con-inner>.elementor-widget-spacer.elementor-widget-empty,.e-con>.elementor-widget-spacer.elementor-widget-empty{position:relative;min-height:22px;min-width:22px}.e-con-inner>.elementor-widget-spacer.elementor-widget-empty .elementor-widget-empty-icon,.e-con>.elementor-widget-spacer.elementor-widget-empty .elementor-widget-empty-icon{position:absolute;top:0;bottom:0;left:0;right:0;margin:auto;padding:0;width:22px;height:22px}<\/style>\t\t<div class=\"elementor-spacer\">\n\t\t\t<div class=\"elementor-spacer-inner\"><\/div>\n\t\t<\/div>\n\t\t\t\t<\/div>\n\t\t\t\t<\/div>\n\t\t\t\t\t<\/div>\n\t\t<\/div>\n\t\t\t\t<div class=\"elementor-column elementor-col-50 elementor-top-column elementor-element elementor-element-5858083\" data-id=\"5858083\" data-element_type=\"column\">\n\t\t\t<div class=\"elementor-widget-wrap elementor-element-populated\">\n\t\t\t\t\t\t<section class=\"elementor-section elementor-inner-section elementor-element elementor-element-060f50e elementor-section-full_width elementor-section-height-default elementor-section-height-default\" data-id=\"060f50e\" data-element_type=\"section\">\n\t\t\t\t\t\t<div class=\"elementor-container elementor-column-gap-default\">\n\t\t\t\t\t<div class=\"elementor-column elementor-col-100 elementor-inner-column elementor-element elementor-element-99401d8\" data-id=\"99401d8\" data-element_type=\"column\" data-settings=\"{&quot;background_background&quot;:&quot;classic&quot;}\">\n\t\t\t<div class=\"elementor-widget-wrap elementor-element-populated\">\n\t\t\t\t\t<div class=\"elementor-background-overlay\"><\/div>\n\t\t\t\t\t\t<div class=\"elementor-element elementor-element-a6aad3e elementor-widget elementor-widget-heading\" data-id=\"a6aad3e\" data-element_type=\"widget\" data-widget_type=\"heading.default\">\n\t\t\t\t<div class=\"elementor-widget-container\">\n\t\t\t<h1 class=\"elementor-heading-title elementor-size-default\">Tapahtumia ja el\u00e4myksi\u00e4 vuoden 2023 suomalais-ugrilaisessa kulttuuri&shy;p\u00e4\u00e4kaupungissa Kuhmossa<\/h1>\t\t<\/div>\n\t\t\t\t<\/div>\n\t\t\t\t<div class=\"elementor-element elementor-element-d704af0 elementor-widget elementor-widget-button\" data-id=\"d704af0\" data-element_type=\"widget\" data-widget_type=\"button.default\">\n\t\t\t\t<div class=\"elementor-widget-container\">\n\t\t\t\t\t<div class=\"elementor-button-wrapper\">\n\t\t\t<a class=\"elementor-button elementor-button-link elementor-size-sm elementor-animation-grow\" href=\"http:\/\/localhost\/kuhmo2023\/juhlavuoden-ohjelma\/\">\n\t\t\t\t\t\t<span class=\"elementor-button-content-wrapper\">\n\t\t\t\t\t\t<span class=\"elementor-button-icon elementor-align-icon-right\">\n\t\t\t\t<i aria-hidden=\"true\" class=\"fas fa-arrow-alt-circle-right\"><\/i>\t\t\t<\/span>\n\t\t\t\t\t\t\t\t\t<span class=\"elementor-button-text\">Katso ohjelma<\/span>\n\t\t\t\t\t<\/span>\n\t\t\t\t\t<\/a>\n\t\t<\/div>\n\t\t\t\t<\/div>\n\t\t\t\t<\/div>\n\t\t\t\t\t<\/div>\n\t\t<\/div>\n\t\t\t\t\t<\/div>\n\t\t<\/section>\n\t\t\t\t\t<\/div>\n\t\t<\/div>\n\t\t\t\t\t<\/div>\n\t\t<\/section>\n\t\t\t\t<\/div>\n\t\t","protected":false},"excerpt":{"rendered":"<p>Kansainv\u00e4linen viisihenkinen valintalautakunta valitsi viime vuonna Kainuussa sijaitsevan Kuhmon kaupungin vuoden 2023 suomalais-ugrilaiseksi kulttuurip\u00e4\u00e4kaupungiksi. T\u00e4m\u00e4 on ensimm\u00e4inen kerta, kun valinta kohdistuu Suomeen. Luvassa on runsas tapahtumien ketju koko vuoden ajalla, ja sill\u00e4 t\u00e4hd\u00e4t\u00e4\u00e4n ennen kaikkea suomalais-ugrilaisten kielten ja kulttuurien tukemiseen ja s\u00e4ilytt\u00e4miseen, sek\u00e4 kulttuurimatkailun lis\u00e4\u00e4miseen, monipuolisen ohjelman avulla. Juhlavuoden avajaiset pidet\u00e4\u00e4n kaksiosaisen toteutuksena perjantaina 24.2.2023, [&hellip;]<\/p>\n","protected":false},"author":1,"featured_media":0,"parent":0,"menu_order":200,"comment_status":"closed","ping_status":"closed","template":"","meta":{"footnotes":""},"class_list":["post-8","page","type-page","status-publish","hentry"],"_links":{"self":[{"href":"https:\/\/runolaulu.fi\/suomalais-ugrilainen-kulttuuripaakaupunki-2023\/wp-json\/wp\/v2\/pages\/8","targetHints":{"allow":["GET"]}}],"collection":[{"href":"https:\/\/runolaulu.fi\/suomalais-ugrilainen-kulttuuripaakaupunki-2023\/wp-json\/wp\/v2\/pages"}],"about":[{"href":"https:\/\/runolaulu.fi\/suomalais-ugrilainen-kulttuuripaakaupunki-2023\/wp-json\/wp\/v2\/types\/page"}],"author":[{"embeddable":true,"href":"https:\/\/runolaulu.fi\/suomalais-ugrilainen-kulttuuripaakaupunki-2023\/wp-json\/wp\/v2\/users\/1"}],"replies":[{"embeddable":true,"href":"https:\/\/runolaulu.fi\/suomalais-ugrilainen-kulttuuripaakaupunki-2023\/wp-json\/wp\/v2\/comments?post=8"}],"version-history":[{"count":45,"href":"https:\/\/runolaulu.fi\/suomalais-ugrilainen-kulttuuripaakaupunki-2023\/wp-json\/wp\/v2\/pages\/8\/revisions"}],"predecessor-version":[{"id":1299,"href":"https:\/\/runolaulu.fi\/suomalais-ugrilainen-kulttuuripaakaupunki-2023\/wp-json\/wp\/v2\/pages\/8\/revisions\/1299"}],"wp:attachment":[{"href":"https:\/\/runolaulu.fi\/suomalais-ugrilainen-kulttuuripaakaupunki-2023\/wp-json\/wp\/v2\/media?parent=8"}],"curies":[{"name":"wp","href":"https:\/\/api.w.org\/{rel}","templated":true}]}}