{"id":813,"date":"2023-02-01T11:07:53","date_gmt":"2023-02-01T11:07:53","guid":{"rendered":"http:\/\/localhost\/kuhmo2023\/?page_id=813"},"modified":"2023-03-08T14:22:54","modified_gmt":"2023-03-08T14:22:54","slug":"kuhmo-on-2023-aasta-soome-ugri-kultuuripealinn","status":"publish","type":"page","link":"https:\/\/runolaulu.fi\/suomalais-ugrilainen-kulttuuripaakaupunki-2023\/en\/kuhmo-on-2023-aasta-soome-ugri-kultuuripealinn\/","title":{"rendered":"KUHMO ON 2023. AASTA SOOME-UGRI KULTUURIPEALINN"},"content":{"rendered":"\t\t<div data-elementor-type=\"wp-page\" data-elementor-id=\"813\" class=\"elementor elementor-813\" data-elementor-post-type=\"page\">\n\t\t\t\t\t\t<section class=\"elementor-section elementor-top-section elementor-element elementor-element-74d7cde elementor-section-full_width elementor-section-height-default elementor-section-height-default\" data-id=\"74d7cde\" data-element_type=\"section\">\n\t\t\t\t\t\t<div class=\"elementor-container elementor-column-gap-default\">\n\t\t\t\t\t<div class=\"elementor-column elementor-col-100 elementor-top-column elementor-element elementor-element-64a8053\" data-id=\"64a8053\" data-element_type=\"column\">\n\t\t\t<div class=\"elementor-widget-wrap elementor-element-populated\">\n\t\t\t\t\t\t<div class=\"elementor-element elementor-element-de4db4a elementor-widget elementor-widget-image\" data-id=\"de4db4a\" data-element_type=\"widget\" data-widget_type=\"image.default\">\n\t\t\t\t<div class=\"elementor-widget-container\">\n\t\t\t<style>\/*! elementor - v3.21.0 - 15-04-2024 *\/\n.elementor-widget-image{text-align:center}.elementor-widget-image a{display:inline-block}.elementor-widget-image a img[src$=\".svg\"]{width:48px}.elementor-widget-image img{vertical-align:middle;display:inline-block}<\/style>\t\t\t\t\t\t\t\t\t\t<img fetchpriority=\"high\" decoding=\"async\" width=\"1920\" height=\"318\" src=\"https:\/\/runolaulu.fi\/suomalais-ugrilainen-kulttuuripaakaupunki-2023\/wp-content\/uploads\/2023\/01\/headerkuva-kulttuuripaakaupunki.webp\" class=\"attachment-full size-full wp-image-764\" alt=\"Suomalais-ugrilainen kulttuurip\u00e4\u00e4kaupunki Kuhmo\" srcset=\"https:\/\/runolaulu.fi\/suomalais-ugrilainen-kulttuuripaakaupunki-2023\/wp-content\/uploads\/2023\/01\/headerkuva-kulttuuripaakaupunki.webp 1920w, https:\/\/runolaulu.fi\/suomalais-ugrilainen-kulttuuripaakaupunki-2023\/wp-content\/uploads\/2023\/01\/headerkuva-kulttuuripaakaupunki-640x106.webp 640w, https:\/\/runolaulu.fi\/suomalais-ugrilainen-kulttuuripaakaupunki-2023\/wp-content\/uploads\/2023\/01\/headerkuva-kulttuuripaakaupunki-960x159.webp 960w, https:\/\/runolaulu.fi\/suomalais-ugrilainen-kulttuuripaakaupunki-2023\/wp-content\/uploads\/2023\/01\/headerkuva-kulttuuripaakaupunki-768x127.webp 768w, https:\/\/runolaulu.fi\/suomalais-ugrilainen-kulttuuripaakaupunki-2023\/wp-content\/uploads\/2023\/01\/headerkuva-kulttuuripaakaupunki-1536x254.webp 1536w\" sizes=\"(max-width: 1920px) 100vw, 1920px\" \/>\t\t\t\t\t\t\t\t\t\t\t\t\t<\/div>\n\t\t\t\t<\/div>\n\t\t\t\t\t<\/div>\n\t\t<\/div>\n\t\t\t\t\t<\/div>\n\t\t<\/section>\n\t\t\t\t<section class=\"elementor-section elementor-top-section elementor-element elementor-element-c6c16d3 elementor-section-boxed elementor-section-height-default elementor-section-height-default\" data-id=\"c6c16d3\" data-element_type=\"section\">\n\t\t\t\t\t\t<div class=\"elementor-container elementor-column-gap-default\">\n\t\t\t\t\t<div class=\"elementor-column elementor-col-100 elementor-top-column elementor-element elementor-element-c076915\" data-id=\"c076915\" data-element_type=\"column\">\n\t\t\t<div class=\"elementor-widget-wrap elementor-element-populated\">\n\t\t\t\t\t\t<div class=\"elementor-element elementor-element-49675bd elementor-widget elementor-widget-text-editor\" data-id=\"49675bd\" data-element_type=\"widget\" data-widget_type=\"text-editor.default\">\n\t\t\t\t<div class=\"elementor-widget-container\">\n\t\t\t<style>\/*! elementor - v3.21.0 - 15-04-2024 *\/\n.elementor-widget-text-editor.elementor-drop-cap-view-stacked .elementor-drop-cap{background-color:#69727d;color:#fff}.elementor-widget-text-editor.elementor-drop-cap-view-framed .elementor-drop-cap{color:#69727d;border:3px solid;background-color:transparent}.elementor-widget-text-editor:not(.elementor-drop-cap-view-default) .elementor-drop-cap{margin-top:8px}.elementor-widget-text-editor:not(.elementor-drop-cap-view-default) .elementor-drop-cap-letter{width:1em;height:1em}.elementor-widget-text-editor .elementor-drop-cap{float:left;text-align:center;line-height:1;font-size:50px}.elementor-widget-text-editor .elementor-drop-cap-letter{display:inline-block}<\/style>\t\t\t\t<p>Rahvusvaheline \u017e\u00fcrii valis eelmisel aastal Kuhmo j\u00e4rgmiseks soome-ugri kultuuripealinnaks. Seega j\u00f5uab soome-ugri kultuuripealinna tiitel esmakordselt Soome.<\/p><p>Kultuuripealinna aasta avatseremoonia toimub 24. veebruaril kahes osas. Tuupala kooli vaba\u00f5hu-\u00fcritusel on kavas h\u00f5imurahvaste suusav\u00f5istlus, muusikalised etteasted, lumeskulptuuride n\u00e4itus ja v\u00e4lisk\u00fclaliste tervitused.<\/p><p>Samal \u00f5htul j\u00e4tkub programm Kuhmo kunstikeskuses v\u00e4iken\u00e4itustega erinevatest soome-ugri kultuuridest, muusikalise programmi ja tervitustega. \u00dcks p\u00f5hiesinejatest on Norra saami muusik <strong>Torgeir Vassvik<\/strong> oma b\u00e4ndiga. Samuti esinevad eesti ja kveeni muusikud.<\/p><p>Kuhmo korraldab 2023. a programmi raames \u00fcle 100 \u00fcrituse. Kultuuripealinna aasta lipulaevas\u00fcndmuseks on p\u00e4rimusmuusika festival Sommelo (26. juuni \u2013 2. juuli). N\u00e4dalapikkusel festivalil on esindatud paljud soome-ugri piirkonnad, eriti aga P\u00f5hjamaadest (sh saamid, kveenid, metsasoomlased ja me\u00e4lased). Loomulikult on programmi kaasatud ka eestlased ja ungarlased.<\/p><p>Teisteks olulisteks s\u00fcndmusteks on festival \u201cKuhmo kultuur t\u00e4histab talve\u201d ning soome-ugri p\u00f5liskeelte konverents, seminar \u201cSuure karu j\u00e4lgedes\u201d, mis on p\u00fchendatud karu rollile ja t\u00e4hendustele soome-ugri kultuurides. Rahvusvaheliselt tunnustatud Kuhmo kammermuusika festival on samuti kaasatud soome-ugri kultuuripealinna programmi. 53. Kuhmo kammermuusika festival toimub 9-22.juulil. Selle aasta teemaks on \u201cJuured ja tiivad\u201d, mis annab festivalile erilise ilme.<\/p><p>Kuhmo loodab, et soome-ugri kultuuripealinna tiitel hoogustab kultuuriturismi Kuhmos ja selle l\u00e4hipiirkonnas. Korraldajad usuvad, et Kuhmo suudab pakkuda palju v\u00e4\u00e4rtuslikku laiemale soome-ugri maailmale. N\u00e4iteks, Juminkeko on \u00fcle 30 aasta edukalt tegutsenud karjala kultuuri ja p\u00e4randi taaselustamise alal, seda nii Soomes kui Karjala vabariigis. Ka Runolaulu akadeemia ja teised kultuuriasutused panustavad oma kontaktide ja kogemustega soome-ugri maailmasse. See h\u00f5lmab tuge keelte ja kultuurip\u00e4randi hoidmisel, kultuuris\u00fcndmuste korraldamist ja aktivistide vahelist suhtlust.<\/p>\t\t\t\t\t\t<\/div>\n\t\t\t\t<\/div>\n\t\t\t\t<div class=\"elementor-element elementor-element-45015ce elementor-widget elementor-widget-heading\" data-id=\"45015ce\" data-element_type=\"widget\" data-widget_type=\"heading.default\">\n\t\t\t\t<div class=\"elementor-widget-container\">\n\t\t\t<style>\/*! elementor - v3.21.0 - 15-04-2024 *\/\n.elementor-heading-title{padding:0;margin:0;line-height:1}.elementor-widget-heading .elementor-heading-title[class*=elementor-size-]>a{color:inherit;font-size:inherit;line-height:inherit}.elementor-widget-heading .elementor-heading-title.elementor-size-small{font-size:15px}.elementor-widget-heading .elementor-heading-title.elementor-size-medium{font-size:19px}.elementor-widget-heading .elementor-heading-title.elementor-size-large{font-size:29px}.elementor-widget-heading .elementor-heading-title.elementor-size-xl{font-size:39px}.elementor-widget-heading .elementor-heading-title.elementor-size-xxl{font-size:59px}<\/style><h2 class=\"elementor-heading-title elementor-size-default\">SOOME-UGRI KULTUURIPEALINNADEST<\/h2>\t\t<\/div>\n\t\t\t\t<\/div>\n\t\t\t\t<div class=\"elementor-element elementor-element-f563c05 elementor-widget elementor-widget-text-editor\" data-id=\"f563c05\" data-element_type=\"widget\" data-widget_type=\"text-editor.default\">\n\t\t\t\t<div class=\"elementor-widget-container\">\n\t\t\t\t\t\t\t<p>Soome-ugri kultuuripealinnade program asutati 2013. aastal rahvusvahelise soome-ugri noorte\u00fchenduse MAFUN poolt eesm\u00e4rgiga t\u00f5sta teadlikkust soome-ugri ja samojeedi rahvastest ning keeltest, tugevdada \u00fchist soome-ugri identiteeti ja hoogustada kohalikku arengut erinevate soome-ugri maailma paikades. Soome-ugri kultuuripealinna programmi koordineerib URALIC Keskus (<a href=\"https:\/\/www.uralic.org\" target=\"_blank\" rel=\"noopener\">www.uralic.org<\/a>)<\/p><p>Siiani on soome-ugri kultuuripealinna tiitlit kandnud \u00fcheks k\u00fcla v\u00f5i linna: udmurdi k\u00fcla B\u00f5g\u00f5 (2014), seto k\u00fcla Obinitsa (2015), ungari k\u00fcla Iszkaszentgy\u00f6rgy ja Veszpr\u00e9mi linn (2016), karjala k\u00fcla Vuokkiniemi (2017), mari k\u00fcla \u0160orun\u017ea (2019), Ba\u0161kiirias asuv marikeelne k\u00fcla Mi\u0161kan (2020), Mulgimaa pealinn Abja-Paluoja (2021) ja udmurdi k\u00fcla Baiterek (2022). Kuhmo (2023) on seega k\u00fcmnes soome-ugri-kultuuripealinn.<\/p>\t\t\t\t\t\t<\/div>\n\t\t\t\t<\/div>\n\t\t\t\t\t<\/div>\n\t\t<\/div>\n\t\t\t\t\t<\/div>\n\t\t<\/section>\n\t\t\t\t<\/div>\n\t\t","protected":false},"excerpt":{"rendered":"<p>Rahvusvaheline \u017e\u00fcrii valis eelmisel aastal Kuhmo j\u00e4rgmiseks soome-ugri kultuuripealinnaks. Seega j\u00f5uab soome-ugri kultuuripealinna tiitel esmakordselt Soome. Kultuuripealinna aasta avatseremoonia toimub 24. veebruaril kahes osas. Tuupala kooli vaba\u00f5hu-\u00fcritusel on kavas h\u00f5imurahvaste suusav\u00f5istlus, muusikalised etteasted, lumeskulptuuride n\u00e4itus ja v\u00e4lisk\u00fclaliste tervitused. Samal \u00f5htul j\u00e4tkub programm Kuhmo kunstikeskuses v\u00e4iken\u00e4itustega erinevatest soome-ugri kultuuridest, muusikalise programmi ja tervitustega. \u00dcks p\u00f5hiesinejatest on [&hellip;]<\/p>\n","protected":false},"author":1,"featured_media":0,"parent":0,"menu_order":420,"comment_status":"closed","ping_status":"closed","template":"","meta":{"footnotes":""},"class_list":["post-813","page","type-page","status-publish","hentry"],"_links":{"self":[{"href":"https:\/\/runolaulu.fi\/suomalais-ugrilainen-kulttuuripaakaupunki-2023\/wp-json\/wp\/v2\/pages\/813","targetHints":{"allow":["GET"]}}],"collection":[{"href":"https:\/\/runolaulu.fi\/suomalais-ugrilainen-kulttuuripaakaupunki-2023\/wp-json\/wp\/v2\/pages"}],"about":[{"href":"https:\/\/runolaulu.fi\/suomalais-ugrilainen-kulttuuripaakaupunki-2023\/wp-json\/wp\/v2\/types\/page"}],"author":[{"embeddable":true,"href":"https:\/\/runolaulu.fi\/suomalais-ugrilainen-kulttuuripaakaupunki-2023\/wp-json\/wp\/v2\/users\/1"}],"replies":[{"embeddable":true,"href":"https:\/\/runolaulu.fi\/suomalais-ugrilainen-kulttuuripaakaupunki-2023\/wp-json\/wp\/v2\/comments?post=813"}],"version-history":[{"count":5,"href":"https:\/\/runolaulu.fi\/suomalais-ugrilainen-kulttuuripaakaupunki-2023\/wp-json\/wp\/v2\/pages\/813\/revisions"}],"predecessor-version":[{"id":1306,"href":"https:\/\/runolaulu.fi\/suomalais-ugrilainen-kulttuuripaakaupunki-2023\/wp-json\/wp\/v2\/pages\/813\/revisions\/1306"}],"wp:attachment":[{"href":"https:\/\/runolaulu.fi\/suomalais-ugrilainen-kulttuuripaakaupunki-2023\/wp-json\/wp\/v2\/media?parent=813"}],"curies":[{"name":"wp","href":"https:\/\/api.w.org\/{rel}","templated":true}]}}